{"id":245790,"date":"2024-12-12T09:53:19","date_gmt":"2024-12-12T09:53:19","guid":{"rendered":"https:\/\/mcrmachinery.com\/?page_id=245790"},"modified":"2026-02-05T13:33:17","modified_gmt":"2026-02-05T13:33:17","slug":"pfeffers-waschen","status":"publish","type":"page","link":"https:\/\/mcrmachinery.com\/de\/pfeffers-waschen\/","title":{"rendered":"Pfeffers waschen"},"content":{"rendered":"<p>[et_pb_section fb_built=&#8220;1&#8243; _builder_version=&#8220;4.27.2&#8243; _module_preset=&#8220;default&#8220; background_color=&#8220;#000000&#8243; background_enable_image=&#8220;off&#8220; background_blend=&#8220;multiply&#8220; custom_margin=&#8220;0px||0px||false|false&#8220; custom_padding=&#8220;0px||0px||false|false&#8220; locked=&#8220;off&#8220; global_colors_info=&#8220;{}&#8220;][et_pb_row use_custom_gutter=&#8220;on&#8220; gutter_width=&#8220;1&#8243; make_equal=&#8220;on&#8220; custom_padding_last_edited=&#8220;on|desktop&#8220; _builder_version=&#8220;4.27.2&#8243; _module_preset=&#8220;default&#8220; background_image=&#8220;https:\/\/mcrmachinery.com\/wp-content\/uploads\/2024\/10\/BG-element-2.svg&#8220; z_index=&#8220;auto&#8220; width=&#8220;100%&#8220; max_width=&#8220;100%&#8220; custom_margin=&#8220;0px||0px||true|false&#8220; custom_padding=&#8220;70px|19vw|40px|19vw|false|false&#8220; custom_padding_tablet=&#8220;50px|10vw|60px|10vw|false|true&#8220; custom_padding_phone=&#8220;40px|10vw||10vw|false|false&#8220; background_last_edited=&#8220;on|phone&#8220; background_size_phone=&#8220;cover&#8220; background_position_tablet=&#8220;center_right&#8220; background_position_phone=&#8220;center_left&#8220; background_horizontal_offset_tablet=&#8220;70%&#8220; background_horizontal_offset_phone=&#8220;38%&#8220; custom_css_main_element=&#8220;align-items:center;||&#8220; global_colors_info=&#8220;{}&#8220;][et_pb_column type=&#8220;4_4&#8243; _builder_version=&#8220;4.24.2&#8243; _module_preset=&#8220;default&#8220; background_enable_image=&#8220;off&#8220; global_colors_info=&#8220;{}&#8220;][et_pb_blurb image=&#8220;https:\/\/mcrmachinery.com\/wp-content\/uploads\/2024\/10\/Blurb3.svg&#8220; icon_placement=&#8220;left&#8220; image_icon_width=&#8220;25px&#8220; content_max_width=&#8220;1300px&#8220; module_class=&#8220;dm-tight-blurb2&#8243; _builder_version=&#8220;4.27.2&#8243; _module_preset=&#8220;default&#8220; body_font=&#8220;|600||on|||||&#8220; body_text_color=&#8220;#FFFFFF&#8220; body_font_size=&#8220;20px&#8220; body_line_height=&#8220;1.3em&#8220; module_alignment=&#8220;left&#8220; custom_margin=&#8220;||15px||false|false&#8220; animation=&#8220;off&#8220; locked=&#8220;off&#8220; global_colors_info=&#8220;{}&#8220;]MCR Machinery<br \/>\n[\/et_pb_blurb][et_pb_text _builder_version=&#8220;4.27.2&#8243; _dynamic_attributes=&#8220;content&#8220; _module_preset=&#8220;default&#8220; header_font=&#8220;|800||on|||||&#8220; header_text_color=&#8220;#FFFFFF&#8220; custom_margin=&#8220;||5px||false|false&#8220; locked=&#8220;off&#8220; global_colors_info=&#8220;{}&#8220;]@ET-DC@eyJkeW5hbWljIjp0cnVlLCJjb250ZW50IjoicG9zdF90aXRsZSIsInNldHRpbmdzIjp7ImJlZm9yZSI6IjxoMT4iLCJhZnRlciI6IjxoMSAvPiJ9fQ==@[\/et_pb_text][\/et_pb_column][\/et_pb_row][et_pb_row _builder_version=&#8220;4.27.2&#8243; _module_preset=&#8220;default&#8220; positioning=&#8220;absolute&#8220; position_origin_a=&#8220;bottom_left&#8220; z_index=&#8220;auto&#8220; width=&#8220;100%&#8220; max_width=&#8220;100%&#8220; custom_margin=&#8220;0px||0px||false|false&#8220; custom_padding=&#8220;0px||0px||true|false&#8220; global_colors_info=&#8220;{}&#8220;][et_pb_column type=&#8220;4_4&#8243; _builder_version=&#8220;4.24.2&#8243; _module_preset=&#8220;default&#8220; global_colors_info=&#8220;{}&#8220;][et_pb_image src=&#8220;https:\/\/mcrmachinery.com\/wp-content\/uploads\/2024\/10\/Hoek.svg&#8220; _builder_version=&#8220;4.27.2&#8243; _module_preset=&#8220;default&#8220; width=&#8220;300px&#8220; width_tablet=&#8220;225px&#8220; width_phone=&#8220;200px&#8220; width_last_edited=&#8220;on|tablet&#8220; global_colors_info=&#8220;{}&#8220;][\/et_pb_image][\/et_pb_column][\/et_pb_row][\/et_pb_section][et_pb_section fb_built=&#8220;1&#8243; _builder_version=&#8220;4.27.2&#8243; _module_preset=&#8220;default&#8220; use_background_color_gradient=&#8220;on&#8220; background_color_gradient_stops=&#8220;#ffffff 0%|#f4f4f4 100%&#8220; custom_padding=&#8220;||||false|false&#8220; global_colors_info=&#8220;{}&#8220;][et_pb_row column_structure=&#8220;3_5,2_5&#8243; use_custom_gutter=&#8220;on&#8220; gutter_width=&#8220;4&#8243; _builder_version=&#8220;4.27.2&#8243; _module_preset=&#8220;default&#8220; custom_margin=&#8220;||||false|false&#8220; global_colors_info=&#8220;{}&#8220; custom_css_main_element_last_edited=&#8220;on|phone&#8220; custom_css_main_element_phone=&#8220;flex-direction: column-reverse;||display:flex;&#8220; custom_css_main_element_tablet=&#8220;flex-direction: column-reverse;||display:flex;&#8220;][et_pb_column type=&#8220;3_5&#8243; _builder_version=&#8220;4.27.2&#8243; _module_preset=&#8220;default&#8220; global_colors_info=&#8220;{}&#8220;][et_pb_text _builder_version=&#8220;4.27.4&#8243; _module_preset=&#8220;default&#8220; header_2_font_size=&#8220;25px&#8220; header_2_line_height=&#8220;1.2em&#8220; header_3_font_size=&#8220;25px&#8220; header_3_line_height=&#8220;1.2em&#8220; custom_margin_tablet=&#8220;50px||||false|false&#8220; custom_margin_phone=&#8220;50px||||false|false&#8220; custom_margin_last_edited=&#8220;on|tablet&#8220; hover_enabled=&#8220;0&#8243; global_colors_info=&#8220;{}&#8220; sticky_enabled=&#8220;0&#8243;]<\/p>\n<p><span>Der Blattlausdruck im Paprikaanbau nimmt von Saison zu Saison zu. Es ist viel Handarbeit erforderlich, um die Paprika blattlausfrei zu machen. MCR Machinery setzt die einzigartige Undine-Waschtechnik von IWC ein, um sowohl konventionell angebaute Paprika als auch Bio-Paprika auf umweltfreundliche Weise zu 98 % von Blattl\u00e4usen zu befreien. Dieses patentierte Waschverfahren reinigt sogar die Gruben in der N\u00e4he der Stiele der Paprikaschoten. Dieses Waschverfahren hat keine nachteiligen Auswirkungen auf die Lagerf\u00e4higkeit. M\u00f6chten Sie mehr \u00fcber das Waschen von Paprika und Bio-Paprika erfahren?\u00a0Wenden Sie sich an\u00a0<\/span><a href=\"https:\/\/mcrmachinery.com\/de\/kontakt\/\" target=\"_blank\" rel=\"noopener noreferrer\">MCR Machinery<\/a><span>\u00a0und wir erz\u00e4hlen Ihnen gerne mehr.<\/span><\/p>\n<p>[\/et_pb_text][et_pb_button button_url=&#8220;https:\/\/mcrmachinery.com\/de\/maschinen\/&#8220; button_text=&#8220;Sehen Sie sich alle unsere Maschinen an&#8220; button_alignment=&#8220;left&#8220; _builder_version=&#8220;4.27.4&#8243; _module_preset=&#8220;default&#8220; custom_button=&#8220;on&#8220; button_text_size=&#8220;19px&#8220; button_text_color=&#8220;#FFFFFF&#8220; button_bg_color=&#8220;#74AF0D&#8220; button_border_width=&#8220;3px&#8220; button_border_color=&#8220;#74AF0D&#8220; button_border_radius=&#8220;0px&#8220; button_letter_spacing=&#8220;0.5px&#8220; button_font=&#8220;|700||on|||||&#8220; custom_padding=&#8220;8px|35px|8px|35px|true|true&#8220; hover_enabled=&#8220;0&#8243; locked=&#8220;off&#8220; global_colors_info=&#8220;{}&#8220; button_bg_color__hover_enabled=&#8220;on|desktop&#8220; button_bg_use_color_gradient__hover=&#8220;off&#8220; button_bg_enable_color__hover=&#8220;on&#8220; button_text_color__hover_enabled=&#8220;on|desktop&#8220; button_text_color__hover=&#8220;#74AF0D&#8220; button_bg_color__hover=&#8220;RGBA(255,255,255,0)&#8220; sticky_enabled=&#8220;0&#8243;][\/et_pb_button][\/et_pb_column][et_pb_column type=&#8220;2_5&#8243; _builder_version=&#8220;4.27.2&#8243; _module_preset=&#8220;default&#8220; background_color=&#8220;RGBA(255,255,255,0)&#8220; global_colors_info=&#8220;{}&#8220;][et_pb_video src=&#8220;https:\/\/www.youtube.com\/watch?v=E9rmmJPv9D8&#8243; _builder_version=&#8220;4.27.2&#8243; _module_preset=&#8220;default&#8220; global_colors_info=&#8220;{}&#8220;][\/et_pb_video][et_pb_gallery gallery_ids=&#8220;245050,245051,245052&#8243; fullwidth=&#8220;on&#8220; _builder_version=&#8220;4.27.2&#8243; _module_preset=&#8220;default&#8220; custom_margin=&#8220;||50px|||&#8220; global_colors_info=&#8220;{}&#8220;][\/et_pb_gallery][\/et_pb_column][\/et_pb_row][et_pb_row _builder_version=&#8220;4.27.2&#8243; _module_preset=&#8220;default&#8220; global_colors_info=&#8220;{}&#8220;][et_pb_column type=&#8220;4_4&#8243; _builder_version=&#8220;4.27.2&#8243; _module_preset=&#8220;default&#8220; global_colors_info=&#8220;{}&#8220;][\/et_pb_column][\/et_pb_row][\/et_pb_section]<\/p>\n","protected":false},"excerpt":{"rendered":"<p>MCR Machinery Der Blattlausdruck im Paprikaanbau nimmt von Saison zu Saison zu. Es ist viel Handarbeit erforderlich, um die Paprika blattlausfrei zu machen. MCR Machinery setzt die einzigartige Undine-Waschtechnik von IWC ein, um sowohl konventionell angebaute Paprika als auch Bio-Paprika auf umweltfreundliche Weise zu 98 % von Blattl\u00e4usen zu befreien. Dieses patentierte Waschverfahren reinigt sogar [&hellip;]<\/p>\n","protected":false},"author":1,"featured_media":0,"parent":0,"menu_order":0,"comment_status":"closed","ping_status":"closed","template":"","meta":{"_et_pb_use_builder":"on","_et_pb_old_content":"","_et_gb_content_width":"","content-type":"","inline_featured_image":false,"footnotes":""},"class_list":["post-245790","page","type-page","status-publish","hentry"],"_links":{"self":[{"href":"https:\/\/mcrmachinery.com\/de\/wp-json\/wp\/v2\/pages\/245790","targetHints":{"allow":["GET"]}}],"collection":[{"href":"https:\/\/mcrmachinery.com\/de\/wp-json\/wp\/v2\/pages"}],"about":[{"href":"https:\/\/mcrmachinery.com\/de\/wp-json\/wp\/v2\/types\/page"}],"author":[{"embeddable":true,"href":"https:\/\/mcrmachinery.com\/de\/wp-json\/wp\/v2\/users\/1"}],"replies":[{"embeddable":true,"href":"https:\/\/mcrmachinery.com\/de\/wp-json\/wp\/v2\/comments?post=245790"}],"version-history":[{"count":1,"href":"https:\/\/mcrmachinery.com\/de\/wp-json\/wp\/v2\/pages\/245790\/revisions"}],"predecessor-version":[{"id":251213,"href":"https:\/\/mcrmachinery.com\/de\/wp-json\/wp\/v2\/pages\/245790\/revisions\/251213"}],"wp:attachment":[{"href":"https:\/\/mcrmachinery.com\/de\/wp-json\/wp\/v2\/media?parent=245790"}],"curies":[{"name":"wp","href":"https:\/\/api.w.org\/{rel}","templated":true}]}}