{"id":250728,"date":"2025-10-30T09:11:00","date_gmt":"2025-10-30T09:11:00","guid":{"rendered":"https:\/\/mcrmachinery.com\/kundenfaelle\/"},"modified":"2026-02-05T13:30:04","modified_gmt":"2026-02-05T13:30:04","slug":"kundenfaelle","status":"publish","type":"page","link":"https:\/\/mcrmachinery.com\/de\/kundenfaelle\/","title":{"rendered":"Kundenf\u00e4lle"},"content":{"rendered":"<p>[et_pb_section fb_built=&#8220;1&#8243; _builder_version=&#8220;4.27.4&#8243; _module_preset=&#8220;default&#8220; background_color=&#8220;rgba(0,0,0,0.2)&#8220; background_image=&#8220;https:\/\/mcrmachinery.com\/wp-content\/uploads\/2025\/03\/Spot-MCR.00_40_41_09.Still019-kopie-1.webp&#8220; background_position=&#8220;bottom_left&#8220; background_vertical_offset=&#8220;40%&#8220; background_blend=&#8220;multiply&#8220; custom_margin=&#8220;0px||0px||true|false&#8220; custom_padding=&#8220;0px||0px||true|false&#8220; global_colors_info=&#8220;{}&#8220;][et_pb_row column_structure=&#8220;3_5,2_5&#8243; use_custom_gutter=&#8220;on&#8220; make_equal=&#8220;on&#8220; custom_padding_last_edited=&#8220;on|tablet&#8220; _builder_version=&#8220;4.27.4&#8243; _module_preset=&#8220;default&#8220; background_image=&#8220;https:\/\/mcrmachinery.com\/wp-content\/uploads\/2024\/10\/blurbdef.svg&#8220; width=&#8220;100%&#8220; max_width=&#8220;100%&#8220; custom_margin=&#8220;0px||0px||true|false&#8220; custom_padding=&#8220;70px||140px|19vw|false|false&#8220; custom_padding_tablet=&#8220;|10vw||10vw|false|true&#8220; custom_padding_phone=&#8220;65px|10vw|135px|10vw|false|false&#8220; background_last_edited=&#8220;on|phone&#8220; background_size_phone=&#8220;cover&#8220; background_position_tablet=&#8220;center_right&#8220; background_position_phone=&#8220;center_left&#8220; background_horizontal_offset_tablet=&#8220;70%&#8220; background_horizontal_offset_phone=&#8220;38%&#8220; custom_css_main_element=&#8220;align-items:center;&#8220; global_colors_info=&#8220;{}&#8220;][et_pb_column type=&#8220;3_5&#8243; _builder_version=&#8220;4.24.2&#8243; _module_preset=&#8220;default&#8220; background_enable_image=&#8220;off&#8220; pac_dcm_carousel_specific_module_num=&#8220;0&#8243; global_colors_info=&#8220;{}&#8220;][et_pb_blurb image=&#8220;https:\/\/mcrmachinery.com\/wp-content\/uploads\/2024\/10\/Blurb3.svg&#8220; icon_placement=&#8220;left&#8220; image_icon_width=&#8220;25px&#8220; content_max_width=&#8220;1100px&#8220; module_class=&#8220;dm-tight-blurb2&#8243; _builder_version=&#8220;4.27.4&#8243; _module_preset=&#8220;default&#8220; body_font=&#8220;|600||on|||||&#8220; body_text_color=&#8220;#FFFFFF&#8220; body_font_size=&#8220;20px&#8220; body_line_height=&#8220;1.3em&#8220; module_alignment=&#8220;left&#8220; custom_margin=&#8220;||15px||false|false&#8220; animation=&#8220;off&#8220; locked=&#8220;off&#8220; global_colors_info=&#8220;{}&#8220;]<\/p>\n<p>Kunden-F\u00e4lle<\/p>\n<p>[\/et_pb_blurb][et_pb_text _builder_version=&#8220;4.27.4&#8243; _module_preset=&#8220;default&#8220; header_font=&#8220;|800||on|||||&#8220; header_text_color=&#8220;#FFFFFF&#8220; custom_margin=&#8220;||5px||false|false&#8220; locked=&#8220;off&#8220; global_colors_info=&#8220;{}&#8220;]<\/p>\n<h1 class=\"mcr-icon\">Die Kunden-F\u00e4lle von MCR Machinery<\/h1>\n<p>[\/et_pb_text][\/et_pb_column][et_pb_column type=&#8220;2_5&#8243; _builder_version=&#8220;4.24.2&#8243; _module_preset=&#8220;default&#8220; pac_dcm_carousel_specific_module_num=&#8220;0&#8243; global_colors_info=&#8220;{}&#8220;][\/et_pb_column][\/et_pb_row][et_pb_row _builder_version=&#8220;4.27.2&#8243; _module_preset=&#8220;default&#8220; positioning=&#8220;absolute&#8220; position_origin_a=&#8220;bottom_left&#8220; z_index=&#8220;auto&#8220; width=&#8220;100%&#8220; max_width=&#8220;100%&#8220; custom_margin=&#8220;0px||0px||false|false&#8220; custom_padding=&#8220;0px||0px||true|false&#8220; global_colors_info=&#8220;{}&#8220;][et_pb_column type=&#8220;4_4&#8243; _builder_version=&#8220;4.24.2&#8243; _module_preset=&#8220;default&#8220; pac_dcm_carousel_specific_module_num=&#8220;0&#8243; global_colors_info=&#8220;{}&#8220;][et_pb_image src=&#8220;https:\/\/mcrmachinery.com\/wp-content\/uploads\/2024\/10\/Hoek.svg&#8220; _builder_version=&#8220;4.24.2&#8243; _module_preset=&#8220;default&#8220; width=&#8220;450px&#8220; width_tablet=&#8220;350px&#8220; width_phone=&#8220;275px&#8220; width_last_edited=&#8220;on|phone&#8220; global_colors_info=&#8220;{}&#8220;][\/et_pb_image][\/et_pb_column][\/et_pb_row][\/et_pb_section][et_pb_section fb_built=&#8220;1&#8243; _builder_version=&#8220;4.27.4&#8243; _module_preset=&#8220;default&#8220; use_background_color_gradient=&#8220;on&#8220; background_color_gradient_stops=&#8220;#ffffff 0%|#f4f4f4 100%&#8220; global_colors_info=&#8220;{}&#8220;][et_pb_row use_custom_gutter=&#8220;on&#8220; gutter_width=&#8220;2&#8243; make_equal=&#8220;on&#8220; _builder_version=&#8220;4.27.4&#8243; _module_preset=&#8220;default&#8220; global_colors_info=&#8220;{}&#8220;][et_pb_column type=&#8220;4_4&#8243; _builder_version=&#8220;4.27.4&#8243; _module_preset=&#8220;default&#8220; pac_dcm_carousel_specific_module_num=&#8220;0&#8243; global_colors_info=&#8220;{}&#8220;][et_pb_text _builder_version=&#8220;4.27.4&#8243; _module_preset=&#8220;default&#8220; custom_margin=&#8220;||50px||false|false&#8220; locked=&#8220;off&#8220; global_colors_info=&#8220;{}&#8220;]<\/p>\n<p>Jede Zusammenarbeit erz\u00e4hlt ihre eigene Geschichte. Von der ersten Skizze bis zur Lieferung einer kompletten Verarbeitungslinie arbeiten wir eng mit unseren Kunden zusammen, um ihren Prozess zu verbessern. Diese Geschichten aus dem wirklichen Leben zeigen, was m\u00f6glich ist, wenn Technologie und Vertrauen Hand in Hand gehen.  <\/p>\n<p>[\/et_pb_text][et_pb_blog fullwidth=&#8220;off&#8220; posts_number=&#8220;99&#8243; include_categories=&#8220;9&#8243; meta_date=&#8220;j M Y&#8220; use_manual_excerpt=&#8220;off&#8220; show_more=&#8220;on&#8220; show_author=&#8220;off&#8220; show_date=&#8220;off&#8220; show_categories=&#8220;off&#8220; show_pagination=&#8220;off&#8220; _builder_version=&#8220;4.27.4&#8243; _module_preset=&#8220;default&#8220; header_font=&#8220;|700|||||||&#8220; header_text_color=&#8220;#000000&#8243; header_font_size=&#8220;21px&#8220; header_line_height=&#8220;1.1em&#8220; body_text_color=&#8220;#555555&#8243; meta_text_color=&#8220;#74AF0D&#8220; meta_font_size=&#8220;16px&#8220; meta_line_height=&#8220;1.8em&#8220; read_more_font=&#8220;|600|||||||&#8220; read_more_text_color=&#8220;#74AF0D&#8220; read_more_font_size=&#8220;16px&#8220; custom_padding=&#8220;||||false|true&#8220; hover_enabled=&#8220;0&#8243; custom_css_main_element=&#8220;||&#8220; custom_css_post_meta=&#8220;||&#8220; custom_css_read_more=&#8220;margin-top: 20px;||text-align: right;&#8220; border_width_all=&#8220;3px&#8220; border_color_all=&#8220;#F4F4F4&#8243; locked=&#8220;off&#8220; global_colors_info=&#8220;{}&#8220; sticky_enabled=&#8220;0&#8243;][\/et_pb_blog][\/et_pb_column][\/et_pb_row][\/et_pb_section]<\/p>\n","protected":false},"excerpt":{"rendered":"<p>Kunden-F\u00e4lleDie Kunden-F\u00e4lle von MCR MachineryJede Zusammenarbeit erz\u00e4hlt ihre eigene Geschichte. Von der ersten Skizze bis zur Lieferung einer kompletten Verarbeitungslinie arbeiten wir eng mit unseren Kunden zusammen, um ihren Prozess zu verbessern. Diese Geschichten aus dem wirklichen Leben zeigen, was m\u00f6glich ist, wenn Technologie und Vertrauen Hand in Hand gehen.<\/p>\n","protected":false},"author":1,"featured_media":0,"parent":0,"menu_order":0,"comment_status":"closed","ping_status":"closed","template":"","meta":{"_et_pb_use_builder":"on","_et_pb_old_content":"","_et_gb_content_width":"","content-type":"","inline_featured_image":false,"footnotes":""},"class_list":["post-250728","page","type-page","status-publish","hentry"],"_links":{"self":[{"href":"https:\/\/mcrmachinery.com\/de\/wp-json\/wp\/v2\/pages\/250728","targetHints":{"allow":["GET"]}}],"collection":[{"href":"https:\/\/mcrmachinery.com\/de\/wp-json\/wp\/v2\/pages"}],"about":[{"href":"https:\/\/mcrmachinery.com\/de\/wp-json\/wp\/v2\/types\/page"}],"author":[{"embeddable":true,"href":"https:\/\/mcrmachinery.com\/de\/wp-json\/wp\/v2\/users\/1"}],"replies":[{"embeddable":true,"href":"https:\/\/mcrmachinery.com\/de\/wp-json\/wp\/v2\/comments?post=250728"}],"version-history":[{"count":5,"href":"https:\/\/mcrmachinery.com\/de\/wp-json\/wp\/v2\/pages\/250728\/revisions"}],"predecessor-version":[{"id":250746,"href":"https:\/\/mcrmachinery.com\/de\/wp-json\/wp\/v2\/pages\/250728\/revisions\/250746"}],"wp:attachment":[{"href":"https:\/\/mcrmachinery.com\/de\/wp-json\/wp\/v2\/media?parent=250728"}],"curies":[{"name":"wp","href":"https:\/\/api.w.org\/{rel}","templated":true}]}}