{"id":251054,"date":"2026-01-08T11:30:44","date_gmt":"2026-01-08T11:30:44","guid":{"rendered":"https:\/\/mcrmachinery.com\/?page_id=251054"},"modified":"2026-02-25T10:40:50","modified_gmt":"2026-02-25T10:40:50","slug":"dank-buerstenwaschanlage-bw3000","status":"publish","type":"page","link":"https:\/\/mcrmachinery.com\/de\/dank-buerstenwaschanlage-bw3000\/","title":{"rendered":"Vielen Dank B\u00fcrstenwaschanlage BW3000"},"content":{"rendered":"<p>[et_pb_section fb_built=&#8220;1&#8243; _builder_version=&#8220;4.27.4&#8243; _module_preset=&#8220;default&#8220; background_color=&#8220;rgba(0,0,0,0.5)&#8220; background_image=&#8220;https:\/\/mcrmachinery.com\/wp-content\/uploads\/2025\/03\/Spot-MCR.00_40_41_09.Still019-kopie-2.webp&#8220; background_position=&#8220;bottom_left&#8220; background_vertical_offset=&#8220;40%&#8220; background_blend=&#8220;multiply&#8220; custom_margin=&#8220;0px||0px||true|false&#8220; custom_padding=&#8220;0px||0px||true|false&#8220; locked=&#8220;off&#8220; global_colors_info=&#8220;{}&#8220;][et_pb_row use_custom_gutter=&#8220;on&#8220; make_equal=&#8220;on&#8220; custom_padding_last_edited=&#8220;on|phone&#8220; _builder_version=&#8220;4.27.4&#8243; _module_preset=&#8220;default&#8220; background_image=&#8220;https:\/\/mcrmachinery.com\/wp-content\/uploads\/2024\/10\/blurbdef.svg&#8220; width=&#8220;100%&#8220; max_width=&#8220;100%&#8220; custom_margin=&#8220;||||true|false&#8220; custom_padding=&#8220;10vw||14vw||false|false&#8220; custom_padding_tablet=&#8220;30vw|10vw|40vw|10vw|false|true&#8220; custom_padding_phone=&#8220;50vw|10vw|60vw|10vw|false|false&#8220; background_last_edited=&#8220;on|phone&#8220; background_size_phone=&#8220;cover&#8220; background_position_tablet=&#8220;center_right&#8220; background_position_phone=&#8220;center_left&#8220; background_horizontal_offset_tablet=&#8220;70%&#8220; background_horizontal_offset_phone=&#8220;38%&#8220; custom_css_main_element=&#8220;align-items:center;&#8220; global_colors_info=&#8220;{}&#8220;][et_pb_column type=&#8220;4_4&#8243; _builder_version=&#8220;4.27.4&#8243; _module_preset=&#8220;default&#8220; background_enable_image=&#8220;off&#8220; global_colors_info=&#8220;{}&#8220;][et_pb_blurb image=&#8220;https:\/\/mcrmachinery.com\/wp-content\/uploads\/2024\/10\/Blurb3.svg&#8220; icon_placement=&#8220;left&#8220; image_icon_width=&#8220;25px&#8220; content_max_width=&#8220;115px&#8220; module_class=&#8220;dm-tight-blurb2&#8243; _builder_version=&#8220;4.27.4&#8243; _module_preset=&#8220;default&#8220; body_font=&#8220;|600||on|||||&#8220; body_text_color=&#8220;#FFFFFF&#8220; body_font_size=&#8220;20px&#8220; body_line_height=&#8220;1.3em&#8220; module_alignment=&#8220;left&#8220; custom_margin=&#8220;||15px||false|false&#8220; animation=&#8220;off&#8220; locked=&#8220;off&#8220; global_colors_info=&#8220;{}&#8220;]<\/p>\n<p style=\"text-align: center;\">Danke<\/p>\n<p>[\/et_pb_blurb][et_pb_text content_tablet=&#8220;<\/p>\n<h1 class=%22mcr-icon%22>Die Verarbeitungslinien von MCR<\/h1>\n<p>&#8220; content_phone=&#8220;<\/p>\n<h1 class=%22mcr-icon%22>Die Verarbeitungslinien von MCR<\/h1>\n<p>&#8220; content_last_edited=&#8220;off|desktop&#8220; _builder_version=&#8220;4.27.4&#8243; _module_preset=&#8220;default&#8220; header_font=&#8220;|800||on|||||&#8220; header_text_color=&#8220;#FFFFFF&#8220; custom_margin=&#8220;||15px||false|false&#8220; locked=&#8220;off&#8220; global_colors_info=&#8220;{}&#8220;]<\/p>\n<h1 class=\"mcr-icon\" style=\"text-align: center;\">Vielen Dank f\u00fcr Ihre Anfrage!<\/h1>\n<p>[\/et_pb_text][et_pb_text _builder_version=&#8220;4.27.5&#8243; _module_preset=&#8220;default&#8220; text_text_color=&#8220;#FFFFFF&#8220; hover_enabled=&#8220;0&#8243; global_colors_info=&#8220;{}&#8220; sticky_enabled=&#8220;0&#8243;]<\/p>\n<p class=\"p2\" style=\"text-align: center;\">Wir haben Ihr Formular gut erhalten und werden Sie so bald wie m\u00f6glich kontaktieren.<br \/>Haben Sie jetzt noch Fragen? Sie k\u00f6nnen uns unter\u00a0 <a href=\"tel:+31 527-205900\">+31 527-205900<\/a> erreichen. Wir sprechen uns bald wieder!<\/p>\n<p>[\/et_pb_text][et_pb_button button_url=&#8220;tel:+31 527-205900&#8243; button_text=&#8220;Rufen Sie MCR Machinery an&#8220; button_alignment=&#8220;center&#8220; _builder_version=&#8220;4.27.5&#8243; _module_preset=&#8220;default&#8220; custom_button=&#8220;on&#8220; button_text_size=&#8220;19px&#8220; button_text_color=&#8220;#FFFFFF&#8220; button_bg_color=&#8220;#74AF0D&#8220; button_border_width=&#8220;3px&#8220; button_border_color=&#8220;#74AF0D&#8220; button_border_radius=&#8220;0px&#8220; button_letter_spacing=&#8220;0.5px&#8220; button_font=&#8220;|700||on|||||&#8220; button_icon=&#8220;&#xf095;||fa||900&#8243; button_on_hover=&#8220;off&#8220; custom_padding=&#8220;8px|55px|8px|35px|true|false&#8220; hover_enabled=&#8220;0&#8243; locked=&#8220;off&#8220; global_colors_info=&#8220;{}&#8220; button_bg_color__hover_enabled=&#8220;on|desktop&#8220; button_bg_use_color_gradient__hover=&#8220;off&#8220; button_bg_enable_color__hover=&#8220;on&#8220; button_text_color__hover_enabled=&#8220;on|desktop&#8220; button_text_color__hover=&#8220;#74AF0D&#8220; button_bg_color__hover=&#8220;RGBA(255,255,255,0)&#8220; sticky_enabled=&#8220;0&#8243;][\/et_pb_button][\/et_pb_column][\/et_pb_row][et_pb_row _builder_version=&#8220;4.27.2&#8243; _module_preset=&#8220;default&#8220; positioning=&#8220;absolute&#8220; position_origin_a=&#8220;bottom_left&#8220; z_index=&#8220;auto&#8220; width=&#8220;100%&#8220; max_width=&#8220;100%&#8220; custom_margin=&#8220;0px||0px||false|false&#8220; custom_padding=&#8220;0px||0px||true|false&#8220; global_colors_info=&#8220;{}&#8220;][et_pb_column type=&#8220;4_4&#8243; _builder_version=&#8220;4.24.2&#8243; _module_preset=&#8220;default&#8220; global_colors_info=&#8220;{}&#8220;][et_pb_image src=&#8220;https:\/\/mcrmachinery.com\/wp-content\/uploads\/2024\/10\/Hoek.svg&#8220; _builder_version=&#8220;4.24.2&#8243; _module_preset=&#8220;default&#8220; width=&#8220;450px&#8220; width_tablet=&#8220;350px&#8220; width_phone=&#8220;275px&#8220; width_last_edited=&#8220;on|phone&#8220; global_colors_info=&#8220;{}&#8220;][\/et_pb_image][\/et_pb_column][\/et_pb_row][\/et_pb_section][et_pb_section fb_built=&#8220;1&#8243; _builder_version=&#8220;4.27.4&#8243; _module_preset=&#8220;default&#8220; background_color=&#8220;#F4F4F4&#8243; use_background_color_gradient=&#8220;on&#8220; background_color_gradient_stops=&#8220;#ffffff 0%|#f4f4f4 100%&#8220; global_colors_info=&#8220;{}&#8220;][et_pb_row column_structure=&#8220;1_2,1_2&#8243; use_custom_gutter=&#8220;on&#8220; gutter_width=&#8220;4&#8243; make_equal=&#8220;on&#8220; _builder_version=&#8220;4.27.4&#8243; _module_preset=&#8220;default&#8220; custom_margin=&#8220;||||false|false&#8220; custom_padding=&#8220;||||false|false&#8220; custom_css_main_element=&#8220;align-items:center;||&#8220; locked=&#8220;off&#8220; global_colors_info=&#8220;{}&#8220;][et_pb_column type=&#8220;1_2&#8243; _builder_version=&#8220;4.24.2&#8243; _module_preset=&#8220;default&#8220; global_colors_info=&#8220;{}&#8220;][et_pb_video src=&#8220;https:\/\/www.youtube.com\/watch?v=iEWMnwPDb2M&#8220; _builder_version=&#8220;4.27.4&#8243; _module_preset=&#8220;default&#8220; locked=&#8220;off&#8220; global_colors_info=&#8220;{}&#8220;][\/et_pb_video][et_pb_image src=&#8220;https:\/\/mcrmachinery.com\/wp-content\/uploads\/2025\/03\/Hoek-3.svg&#8220; _builder_version=&#8220;4.27.4&#8243; _module_preset=&#8220;default&#8220; positioning=&#8220;absolute&#8220; position_origin_a=&#8220;bottom_left&#8220; position_origin_r=&#8220;bottom_left&#8220; vertical_offset=&#8220;-1vw&#8220; horizontal_offset=&#8220;-1vw&#8220; vertical_offset_tablet=&#8220;-2.5vw&#8220; vertical_offset_phone=&#8220;-3vw&#8220; vertical_offset_last_edited=&#8220;on|tablet&#8220; horizontal_offset_tablet=&#8220;-2.5vw&#8220; horizontal_offset_phone=&#8220;-3vw&#8220; horizontal_offset_last_edited=&#8220;on|desktop&#8220; width=&#8220;10vw&#8220; width_tablet=&#8220;200px&#8220; width_phone=&#8220;110px&#8220; width_last_edited=&#8220;on|phone&#8220; global_colors_info=&#8220;{}&#8220;][\/et_pb_image][et_pb_image src=&#8220;https:\/\/mcrmachinery.com\/wp-content\/uploads\/2025\/03\/Hoek-2.svg&#8220; align=&#8220;right&#8220; _builder_version=&#8220;4.27.4&#8243; _module_preset=&#8220;default&#8220; positioning=&#8220;absolute&#8220; position_origin_a=&#8220;top_right&#8220; z_index=&#8220;2&#8243; width=&#8220;4.5vw&#8220; width_tablet=&#8220;100px&#8220; width_phone=&#8220;60px&#8220; width_last_edited=&#8220;on|phone&#8220; global_colors_info=&#8220;{}&#8220;][\/et_pb_image][\/et_pb_column][et_pb_column type=&#8220;1_2&#8243; _builder_version=&#8220;4.27.2&#8243; _module_preset=&#8220;default&#8220; custom_padding=&#8220;||||false|false&#8220; custom_padding_tablet=&#8220;30px||||false|false&#8220; custom_padding_phone=&#8220;30px||||false|false&#8220; custom_padding_last_edited=&#8220;on|tablet&#8220; global_colors_info=&#8220;{}&#8220;][et_pb_blurb image=&#8220;https:\/\/mcrmachinery.com\/wp-content\/uploads\/2025\/03\/Blurb3.svg&#8220; icon_placement=&#8220;left&#8220; image_icon_width=&#8220;25px&#8220; content_max_width=&#8220;1300px&#8220; module_class=&#8220;dm-tight-blurb2&#8243; _builder_version=&#8220;4.27.4&#8243; _module_preset=&#8220;default&#8220; body_font=&#8220;|600||on|||||&#8220; body_text_color=&#8220;#000000&#8243; body_font_size=&#8220;20px&#8220; body_line_height=&#8220;1.3em&#8220; custom_margin=&#8220;||15px||false|false&#8220; animation=&#8220;off&#8220; locked=&#8220;off&#8220; global_colors_info=&#8220;{}&#8220;]<\/p>\n<p>Danke<\/p>\n<p>[\/et_pb_blurb][et_pb_text _builder_version=&#8220;4.27.4&#8243; _module_preset=&#8220;default&#8220; header_font=&#8220;|||on|||||&#8220; custom_margin=&#8220;||15px||false|false&#8220; hover_enabled=&#8220;0&#8243; locked=&#8220;off&#8220; global_colors_info=&#8220;{}&#8220; sticky_enabled=&#8220;0&#8243;]<\/p>\n<h2>MCR Machinery: Machen Sie Ihre Produkte perfekt<\/h2>\n<p>[\/et_pb_text][et_pb_text _builder_version=&#8220;4.27.4&#8243; _module_preset=&#8220;default&#8220; ul_line_height=&#8220;1.8em&#8220; custom_margin=&#8220;||45px||false|false&#8220; global_colors_info=&#8220;{}&#8220;]<\/p>\n<p data-start=\"292\" data-end=\"455\" class=\"\">Sind Sie neugierig, was MCR Machinery sonst noch kann? Werfen Sie einen Blick auf unsere Maschinenseiten oder erfahren Sie, wie unsere Verarbeitungslinien Ihren Produktionsprozess optimieren k\u00f6nnen. <\/p>\n<p data-start=\"292\" data-end=\"455\" class=\"\">\n<p data-start=\"292\" data-end=\"455\" class=\"\">\n<ul>\n<li data-start=\"292\" data-end=\"455\"><a href=\"https:\/\/mcrmachinery.com\/de\/maschinen\/\">Sehen Sie unsere Maschinen<\/a><\/li>\n<li data-start=\"479\" data-end=\"510\"><a href=\"https:\/\/mcrmachinery.com\/de\/verarbeitungslinien\/\">Entdecken Sie unsere Verarbeitungslinien<\/a><\/li>\n<\/ul>\n<p>[\/et_pb_text][\/et_pb_column][\/et_pb_row][\/et_pb_section]<\/p>\n","protected":false},"excerpt":{"rendered":"<p>DankeVielen Dank f\u00fcr Ihre Anfrage!Wir haben Ihr Formular gut erhalten und werden Sie so bald wie m\u00f6glich kontaktieren.Haben Sie jetzt noch Fragen? Sie k\u00f6nnen uns unter\u00a0 +31 527-205900 erreichen. Wir sprechen uns bald wieder!DankeMCR Machinery: Machen Sie Ihre Produkte perfektSind Sie neugierig, was MCR Machinery sonst noch kann? Werfen Sie einen Blick auf unsere Maschinenseiten [&hellip;]<\/p>\n","protected":false},"author":1,"featured_media":0,"parent":0,"menu_order":0,"comment_status":"closed","ping_status":"closed","template":"","meta":{"_et_pb_use_builder":"on","_et_pb_old_content":"","_et_gb_content_width":"","content-type":"","inline_featured_image":false,"footnotes":""},"class_list":["post-251054","page","type-page","status-publish","hentry"],"_links":{"self":[{"href":"https:\/\/mcrmachinery.com\/de\/wp-json\/wp\/v2\/pages\/251054","targetHints":{"allow":["GET"]}}],"collection":[{"href":"https:\/\/mcrmachinery.com\/de\/wp-json\/wp\/v2\/pages"}],"about":[{"href":"https:\/\/mcrmachinery.com\/de\/wp-json\/wp\/v2\/types\/page"}],"author":[{"embeddable":true,"href":"https:\/\/mcrmachinery.com\/de\/wp-json\/wp\/v2\/users\/1"}],"replies":[{"embeddable":true,"href":"https:\/\/mcrmachinery.com\/de\/wp-json\/wp\/v2\/comments?post=251054"}],"version-history":[{"count":3,"href":"https:\/\/mcrmachinery.com\/de\/wp-json\/wp\/v2\/pages\/251054\/revisions"}],"predecessor-version":[{"id":251236,"href":"https:\/\/mcrmachinery.com\/de\/wp-json\/wp\/v2\/pages\/251054\/revisions\/251236"}],"wp:attachment":[{"href":"https:\/\/mcrmachinery.com\/de\/wp-json\/wp\/v2\/media?parent=251054"}],"curies":[{"name":"wp","href":"https:\/\/api.w.org\/{rel}","templated":true}]}}