{"id":251224,"date":"2026-01-05T13:22:12","date_gmt":"2026-01-05T13:22:12","guid":{"rendered":"https:\/\/mcrmachinery.com\/zitat\/"},"modified":"2026-02-25T11:07:27","modified_gmt":"2026-02-25T11:07:27","slug":"angebot-anfordern","status":"publish","type":"page","link":"https:\/\/mcrmachinery.com\/de\/angebot-anfordern\/","title":{"rendered":"Angebot anfordern"},"content":{"rendered":"<p>[et_pb_section fb_built=&#8220;1&#8243; _builder_version=&#8220;4.27.4&#8243; _module_preset=&#8220;default&#8220; background_color=&#8220;rgba(0,0,0,0.2)&#8220; background_image=&#8220;https:\/\/mcrmachinery.com\/wp-content\/uploads\/2025\/03\/pompoenwasser_LbhmDpTilGQn-.webp&#8220; background_blend=&#8220;multiply&#8220; custom_margin=&#8220;0px||0px||true|false&#8220; custom_padding=&#8220;0px||0px||true|false&#8220; global_colors_info=&#8220;{}&#8220;][et_pb_row column_structure=&#8220;1_2,1_2&#8243; use_custom_gutter=&#8220;on&#8220; make_equal=&#8220;on&#8220; custom_padding_last_edited=&#8220;on|tablet&#8220; _builder_version=&#8220;4.27.2&#8243; _module_preset=&#8220;default&#8220; background_image=&#8220;https:\/\/mcrmachinery.com\/wp-content\/uploads\/2024\/10\/blurbdef.svg&#8220; width=&#8220;100%&#8220; max_width=&#8220;100%&#8220; custom_margin=&#8220;0px||0px||true|false&#8220; custom_padding=&#8220;70px||140px|19vw|false|false&#8220; custom_padding_tablet=&#8220;|10vw||10vw|false|true&#8220; custom_padding_phone=&#8220;65px|10vw|135px|10vw|false|false&#8220; background_last_edited=&#8220;on|phone&#8220; background_size_phone=&#8220;cover&#8220; background_position_tablet=&#8220;center_right&#8220; background_position_phone=&#8220;center_left&#8220; background_horizontal_offset_tablet=&#8220;70%&#8220; background_horizontal_offset_phone=&#8220;38%&#8220; custom_css_main_element=&#8220;align-items:center;&#8220; global_colors_info=&#8220;{}&#8220;][et_pb_column type=&#8220;1_2&#8243; _builder_version=&#8220;4.24.2&#8243; _module_preset=&#8220;default&#8220; background_enable_image=&#8220;off&#8220; global_colors_info=&#8220;{}&#8220;][et_pb_blurb image=&#8220;https:\/\/mcrmachinery.com\/wp-content\/uploads\/2024\/10\/Blurb3.svg&#8220; icon_placement=&#8220;left&#8220; image_icon_width=&#8220;25px&#8220; content_max_width=&#8220;1100px&#8220; module_class=&#8220;dm-tight-blurb2&#8243; _builder_version=&#8220;4.27.5&#8243; _module_preset=&#8220;default&#8220; body_font=&#8220;|600||on|||||&#8220; body_text_color=&#8220;#FFFFFF&#8220; body_font_size=&#8220;20px&#8220; body_line_height=&#8220;1.3em&#8220; module_alignment=&#8220;left&#8220; custom_margin=&#8220;||15px||false|false&#8220; animation=&#8220;off&#8220; hover_enabled=&#8220;0&#8243; locked=&#8220;off&#8220; global_colors_info=&#8220;{}&#8220; sticky_enabled=&#8220;0&#8243;]<\/p>\n<p>Angebote<\/p>\n<p>[\/et_pb_blurb][et_pb_text _builder_version=&#8220;4.27.4&#8243; _module_preset=&#8220;default&#8220; header_font=&#8220;|800||on|||||&#8220; header_text_color=&#8220;#FFFFFF&#8220; custom_margin=&#8220;||5px||false|false&#8220; hover_enabled=&#8220;0&#8243; locked=&#8220;off&#8220; global_colors_info=&#8220;{}&#8220; sticky_enabled=&#8220;0&#8243;]<\/p>\n<h1 class=\"mcr-icon\">Angebot anfordern<\/h1>\n<p>[\/et_pb_text][\/et_pb_column][et_pb_column type=&#8220;1_2&#8243; _builder_version=&#8220;4.24.2&#8243; _module_preset=&#8220;default&#8220; global_colors_info=&#8220;{}&#8220;][\/et_pb_column][\/et_pb_row][et_pb_row _builder_version=&#8220;4.27.2&#8243; _module_preset=&#8220;default&#8220; positioning=&#8220;absolute&#8220; position_origin_a=&#8220;bottom_left&#8220; z_index=&#8220;auto&#8220; width=&#8220;100%&#8220; max_width=&#8220;100%&#8220; custom_margin=&#8220;0px||0px||false|false&#8220; custom_padding=&#8220;0px||0px||true|false&#8220; global_colors_info=&#8220;{}&#8220;][et_pb_column type=&#8220;4_4&#8243; _builder_version=&#8220;4.24.2&#8243; _module_preset=&#8220;default&#8220; global_colors_info=&#8220;{}&#8220;][et_pb_image src=&#8220;https:\/\/mcrmachinery.com\/wp-content\/uploads\/2024\/10\/Hoek.svg&#8220; _builder_version=&#8220;4.24.2&#8243; _module_preset=&#8220;default&#8220; width=&#8220;450px&#8220; width_tablet=&#8220;350px&#8220; width_phone=&#8220;275px&#8220; width_last_edited=&#8220;on|phone&#8220; global_colors_info=&#8220;{}&#8220;][\/et_pb_image][\/et_pb_column][\/et_pb_row][\/et_pb_section][et_pb_section fb_built=&#8220;1&#8243; _builder_version=&#8220;4.27.4&#8243; _module_preset=&#8220;default&#8220; global_colors_info=&#8220;{}&#8220;][et_pb_row column_structure=&#8220;1_2,1_2&#8243; use_custom_gutter=&#8220;on&#8220; gutter_width=&#8220;4&#8243; make_equal=&#8220;on&#8220; _builder_version=&#8220;4.27.4&#8243; _module_preset=&#8220;default&#8220; custom_margin=&#8220;||||false|false&#8220; custom_padding=&#8220;||||false|false&#8220; locked=&#8220;off&#8220; global_colors_info=&#8220;{}&#8220;][et_pb_column type=&#8220;1_2&#8243; _builder_version=&#8220;4.27.2&#8243; _module_preset=&#8220;default&#8220; global_colors_info=&#8220;{}&#8220;][et_pb_blurb image=&#8220;https:\/\/mcrmachinery.com\/wp-content\/uploads\/2024\/10\/Blurb3.svg&#8220; icon_placement=&#8220;left&#8220; image_icon_width=&#8220;25px&#8220; content_max_width=&#8220;1100px&#8220; module_class=&#8220;dm-tight-blurb2&#8243; _builder_version=&#8220;4.27.5&#8243; _module_preset=&#8220;default&#8220; body_font=&#8220;|600||on|||||&#8220; body_text_color=&#8220;#000000&#8243; body_font_size=&#8220;20px&#8220; body_line_height=&#8220;1.3em&#8220; module_alignment=&#8220;left&#8220; custom_margin=&#8220;||15px||false|false&#8220; animation=&#8220;off&#8220; hover_enabled=&#8220;0&#8243; locked=&#8220;off&#8220; global_colors_info=&#8220;{}&#8220; sticky_enabled=&#8220;0&#8243;]<\/p>\n<p>Angebote<\/p>\n<p>[\/et_pb_blurb][et_pb_text _builder_version=&#8220;4.27.5&#8243; _module_preset=&#8220;default&#8220; custom_margin=&#8220;||15px||false|false&#8220; hover_enabled=&#8220;0&#8243; locked=&#8220;off&#8220; global_colors_info=&#8220;{}&#8220; sticky_enabled=&#8220;0&#8243;]<\/p>\n<h2>Fordern Sie ein Angebot f\u00fcr Ihre BW3000 B\u00fcrstenwaschanlage an.<\/h2>\n<p>[\/et_pb_text][et_pb_text _builder_version=&#8220;4.27.4&#8243; _module_preset=&#8220;default&#8220; global_colors_info=&#8220;{}&#8220;]<\/p>\n<p>Hinterlassen Sie hier Ihre Daten und geben Sie im Formular an, welche Erweiterungen Sie w\u00fcnschen, um ein unverbindliches Angebot zu erhalten. Nach Ihrer Anfrage werden wir Sie so schnell wie m\u00f6glich kontaktieren! <\/p>\n<p><strong>Wenn Sie keine Best\u00e4tigung erhalten haben, \u00fcberpr\u00fcfen Sie bitte auch Ihren Spam-Ordner.<\/strong><\/p>\n<p>[\/et_pb_text][\/et_pb_column][et_pb_column type=&#8220;1_2&#8243; _builder_version=&#8220;4.27.2&#8243; _module_preset=&#8220;default&#8220; custom_css_main_element=&#8220;margin:auto;&#8220; global_colors_info=&#8220;{}&#8220;][et_pb_contact_form use_spam_service=&#8220;on&#8220; recaptcha_list=&#8220;MCR Machinery|MCR Machinery-0&#8243; email=&#8220;info@mcrmachinery.nl&#8220; title=&#8220;@ET-DC@eyJkeW5hbWljIjp0cnVlLCJjb250ZW50IjoicG9zdF90aXRsZSIsInNldHRpbmdzIjp7ImJlZm9yZSI6IiIsImFmdGVyIjoiIn19@&#8220; custom_message=&#8220;Neue Anwendung BW3000|et_pb_line_break_holder||||et_pb_line_break_holder||Firma: %%Firma%||et_pb_line_break_holder||Ansprechpartner: %%Ansprechpartner%||et_pb_line_break_holder||Telefonnummer: %%Telefonnummer%|et_pb_line_break_holder||E-Mail-Adresse: %%E-E-Mail-Adresse%|et_pb_line_break_holder||||et_pb_line_break_holder||Ausgew\u00e4hlte Erweiterungen BW3000||et_pb_line_break_holder||%%Erweiterungen_f\u00fcr_Ihren_BW3000_Brushwasher%%||et_pb_line_break_holder||||et_pb_line_break_holder||Notiz\/Kommentar||et_pb_line_break_holder|%%Notiz\/Kommentar%%%&#8220; use_redirect=&#8220;on&#8220; redirect_url=&#8220;https:\/\/mcrmachinery.com\/de\/dank-buerstenwaschanlage-bw3000\/&#8220; success_message=&#8220;Vielen Dank f\u00fcr Ihre Anfrage. Wir haben Ihre Angaben erhalten und werden Sie so bald wie m\u00f6glich kontaktieren. &#8220; submit_button_text=&#8220;Anfrage&#8220; _builder_version=&#8220;4.27.5&#8243; _dynamic_attributes=&#8220;title&#8220; _module_preset=&#8220;default&#8220; _unique_id=&#8220;271d9e34-7b5a-4d81-a857-96e81eaa3a66&#8243; form_field_background_color=&#8220;#F4F4F4&#8243; form_field_text_color=&#8220;#555555&#8243; form_field_focus_background_color=&#8220;#F4F4F4&#8243; form_field_focus_text_color=&#8220;#000000&#8243; form_field_custom_padding=&#8220;15px||15px||true|false&#8220; title_font=&#8220;|800|||||||&#8220; title_font_size=&#8220;0px&#8220; form_field_font_size=&#8220;14px&#8220; custom_button=&#8220;on&#8220; button_text_size=&#8220;19px&#8220; button_text_color=&#8220;#FFFFFF&#8220; button_bg_color=&#8220;#74AF0D&#8220; button_border_width=&#8220;3px&#8220; button_border_color=&#8220;#74AF0D&#8220; button_border_radius=&#8220;0px&#8220; button_letter_spacing=&#8220;0.5px&#8220; button_font=&#8220;|700||on|||||&#8220; button_custom_padding=&#8220;8px|35px|8px|35px|true|true&#8220; hover_enabled=&#8220;0&#8243; custom_css_free_form=&#8220;@media (min-width: 768px) {||    .et_pb_contact_field_options_list {||        display: flex;||        flex-wrap: wrap;||    }||||    .et_pb_contact_field_options_list .et_pb_contact_field_checkbox {||        width: 50%;||    }||}&#8220; r_enable_confirmation=&#8220;on&#8220; r_confirmation_subject=&#8220;Bevestiging aanvraag BW3000 borstelwasser&#8220; r_confirmation_message=&#8220;Beste %%Contactpersoon%%,<\/p>\n<p>We hebben je gegevens en samenstelling voor de BW3000 borstelwasser ontvangen.<br \/>\nHieronder zie je een overzicht van wat je hebt ingevuld.<\/p>\n<p><strong>Jouw gegevens<\/strong><br \/>\nBedrijf: %%Bedrijf%%<br \/>\nContactpersoon: %%Contactpersoon%%<br \/>\nTelefoonnummer: %%Telefoonnummer%%<br \/>\nE-mailadres: %%E-mailadres%%<\/p>\n<p><strong>Geselecteerde uitbreidingen<\/strong><br \/>\n%%Uitbreidingen_voor_uw_BW3000_Borstelwasser%%<\/p>\n<p><strong>Opmerking \/ toelichting<\/strong><br \/>\n%%Opmerking_\/_toelichting%%<\/p>\n<p>Wij nemen contact met je op naar aanleiding van deze aanvraag.<\/p>\n<p>Met vriendelijke groet,<br \/>\nMCR Machinery&#8220; global_colors_info=&#8220;{}&#8220; button_text_color__hover=&#8220;#74AF0D&#8220; button_text_color__hover_enabled=&#8220;on|desktop&#8220; button_bg_color__hover=&#8220;RGBA(255,255,255,0)&#8220; button_bg_color__hover_enabled=&#8220;on|desktop&#8220; sticky_enabled=&#8220;0&#8243;][et_pb_contact_field field_id=&#8220;Bedrijf&#8220; field_title=&#8220;Unternehmen&#8220; _builder_version=&#8220;4.27.4&#8243; global_colors_info=&#8220;{}&#8220; button_text_size__hover_enabled=&#8220;off&#8220; button_one_text_size__hover_enabled=&#8220;off&#8220; button_two_text_size__hover_enabled=&#8220;off&#8220; button_text_color__hover_enabled=&#8220;off&#8220; button_one_text_color__hover_enabled=&#8220;off&#8220; button_two_text_color__hover_enabled=&#8220;off&#8220; button_border_width__hover_enabled=&#8220;off&#8220; button_one_border_width__hover_enabled=&#8220;off&#8220; button_two_border_width__hover_enabled=&#8220;off&#8220; button_border_color__hover_enabled=&#8220;off&#8220; button_one_border_color__hover_enabled=&#8220;off&#8220; button_two_border_color__hover_enabled=&#8220;off&#8220; button_border_radius__hover_enabled=&#8220;off&#8220; button_one_border_radius__hover_enabled=&#8220;off&#8220; button_two_border_radius__hover_enabled=&#8220;off&#8220; button_letter_spacing__hover_enabled=&#8220;off&#8220; button_one_letter_spacing__hover_enabled=&#8220;off&#8220; button_two_letter_spacing__hover_enabled=&#8220;off&#8220; button_bg_color__hover_enabled=&#8220;off&#8220; button_one_bg_color__hover_enabled=&#8220;off&#8220; button_two_bg_color__hover_enabled=&#8220;off&#8220;][\/et_pb_contact_field][et_pb_contact_field field_id=&#8220;Contactpersoon&#8220; field_title=&#8220;Kontakt&#8220; _builder_version=&#8220;4.27.4&#8243; global_colors_info=&#8220;{}&#8220; button_text_size__hover_enabled=&#8220;off&#8220; button_one_text_size__hover_enabled=&#8220;off&#8220; button_two_text_size__hover_enabled=&#8220;off&#8220; button_text_color__hover_enabled=&#8220;off&#8220; button_one_text_color__hover_enabled=&#8220;off&#8220; button_two_text_color__hover_enabled=&#8220;off&#8220; button_border_width__hover_enabled=&#8220;off&#8220; button_one_border_width__hover_enabled=&#8220;off&#8220; button_two_border_width__hover_enabled=&#8220;off&#8220; button_border_color__hover_enabled=&#8220;off&#8220; button_one_border_color__hover_enabled=&#8220;off&#8220; button_two_border_color__hover_enabled=&#8220;off&#8220; button_border_radius__hover_enabled=&#8220;off&#8220; button_one_border_radius__hover_enabled=&#8220;off&#8220; button_two_border_radius__hover_enabled=&#8220;off&#8220; button_letter_spacing__hover_enabled=&#8220;off&#8220; button_one_letter_spacing__hover_enabled=&#8220;off&#8220; button_two_letter_spacing__hover_enabled=&#8220;off&#8220; button_bg_color__hover_enabled=&#8220;off&#8220; button_one_bg_color__hover_enabled=&#8220;off&#8220; button_two_bg_color__hover_enabled=&#8220;off&#8220;][\/et_pb_contact_field][et_pb_contact_field field_id=&#8220;Telefoonnummer&#8220; field_title=&#8220;Rufnummer&#8220; allowed_symbols=&#8220;numbers&#8220; _builder_version=&#8220;4.27.4&#8243; _module_preset=&#8220;default&#8220; global_colors_info=&#8220;{}&#8220;][\/et_pb_contact_field][et_pb_contact_field field_id=&#8220;E-mailadres&#8220; field_title=&#8220;E-Mail Adresse&#8220; field_type=&#8220;email&#8220; _builder_version=&#8220;4.27.4&#8243; global_colors_info=&#8220;{}&#8220; button_text_size__hover_enabled=&#8220;off&#8220; button_one_text_size__hover_enabled=&#8220;off&#8220; button_two_text_size__hover_enabled=&#8220;off&#8220; button_text_color__hover_enabled=&#8220;off&#8220; button_one_text_color__hover_enabled=&#8220;off&#8220; button_two_text_color__hover_enabled=&#8220;off&#8220; button_border_width__hover_enabled=&#8220;off&#8220; button_one_border_width__hover_enabled=&#8220;off&#8220; button_two_border_width__hover_enabled=&#8220;off&#8220; button_border_color__hover_enabled=&#8220;off&#8220; button_one_border_color__hover_enabled=&#8220;off&#8220; button_two_border_color__hover_enabled=&#8220;off&#8220; button_border_radius__hover_enabled=&#8220;off&#8220; button_one_border_radius__hover_enabled=&#8220;off&#8220; button_two_border_radius__hover_enabled=&#8220;off&#8220; button_letter_spacing__hover_enabled=&#8220;off&#8220; button_one_letter_spacing__hover_enabled=&#8220;off&#8220; button_two_letter_spacing__hover_enabled=&#8220;off&#8220; button_bg_color__hover_enabled=&#8220;off&#8220; button_one_bg_color__hover_enabled=&#8220;off&#8220; button_two_bg_color__hover_enabled=&#8220;off&#8220;][\/et_pb_contact_field][et_pb_contact_field field_id=&#8220;Uitbreidingen_voor_uw_BW3000_Borstelwasser&#8220; field_title=&#8220;Erweiterungen f\u00fcr Ihre BW3000 B\u00fcrstenwaschanlage&#8220; field_type=&#8220;checkbox&#8220; checkbox_options=&#8220;%91{%22value%22:%22Einweichendes Becken%22,%22checked%22:0,%22dragID%22:-1},{%22value%22:%22Puffertabelle%22,%22checked%22:0,%22dragID%22:0},{%22value%22:%22Umw\u00e4lzpumpe%22,%22checked%22:0,%22dragID%22:1},{%22value%22:%22F\u00f6rderband%22,%22checked%22:0,%22dragID%22:2},{%22value%22:%22Produkt-Schieberegler%22,%22checked%22:0,%22dragID%22:3},{%22value%22:%22Abnehmbare Spritzschutzhaube%22,%22checked%22:0,%22dragID%22:4}%93&#8243; required_mark=&#8220;off&#8220; fullwidth_field=&#8220;on&#8220; _builder_version=&#8220;4.27.4&#8243; _module_preset=&#8220;default&#8220; global_colors_info=&#8220;{}&#8220;][\/et_pb_contact_field][et_pb_contact_field field_id=&#8220;Opmerking_\/_toelichting&#8220; field_title=&#8220;Kommentar \/ Erkl\u00e4rung&#8220; field_type=&#8220;text&#8220; required_mark=&#8220;off&#8220; fullwidth_field=&#8220;on&#8220; _builder_version=&#8220;4.27.4&#8243; global_colors_info=&#8220;{}&#8220; button_text_size__hover_enabled=&#8220;off&#8220; button_one_text_size__hover_enabled=&#8220;off&#8220; button_two_text_size__hover_enabled=&#8220;off&#8220; button_text_color__hover_enabled=&#8220;off&#8220; button_one_text_color__hover_enabled=&#8220;off&#8220; button_two_text_color__hover_enabled=&#8220;off&#8220; button_border_width__hover_enabled=&#8220;off&#8220; button_one_border_width__hover_enabled=&#8220;off&#8220; button_two_border_width__hover_enabled=&#8220;off&#8220; button_border_color__hover_enabled=&#8220;off&#8220; button_one_border_color__hover_enabled=&#8220;off&#8220; button_two_border_color__hover_enabled=&#8220;off&#8220; button_border_radius__hover_enabled=&#8220;off&#8220; button_one_border_radius__hover_enabled=&#8220;off&#8220; button_two_border_radius__hover_enabled=&#8220;off&#8220; button_letter_spacing__hover_enabled=&#8220;off&#8220; button_one_letter_spacing__hover_enabled=&#8220;off&#8220; button_two_letter_spacing__hover_enabled=&#8220;off&#8220; button_bg_color__hover_enabled=&#8220;off&#8220; button_one_bg_color__hover_enabled=&#8220;off&#8220; button_two_bg_color__hover_enabled=&#8220;off&#8220;][\/et_pb_contact_field][\/et_pb_contact_form][\/et_pb_column][\/et_pb_row][\/et_pb_section][et_pb_section fb_built=&#8220;1&#8243; _builder_version=&#8220;4.27.4&#8243; _module_preset=&#8220;default&#8220; background_color=&#8220;#F4F4F4&#8243; custom_padding=&#8220;||62px|||&#8220; locked=&#8220;off&#8220; global_colors_info=&#8220;{}&#8220;][et_pb_row _builder_version=&#8220;4.27.4&#8243; _module_preset=&#8220;default&#8220; custom_margin=&#8220;||0px||false|false&#8220; custom_padding=&#8220;||0px||false|false&#8220; locked=&#8220;off&#8220; global_colors_info=&#8220;{}&#8220;][et_pb_column type=&#8220;4_4&#8243; _builder_version=&#8220;4.24.2&#8243; _module_preset=&#8220;default&#8220; global_colors_info=&#8220;{}&#8220;][et_pb_blurb image=&#8220;https:\/\/mcrmachinery.com\/wp-content\/uploads\/2024\/10\/Blurb3.svg&#8220; icon_placement=&#8220;left&#8220; image_icon_width=&#8220;25px&#8220; content_max_width=&#8220;190px&#8220; module_class=&#8220;dm-tight-blurb2&#8243; _builder_version=&#8220;4.27.4&#8243; _module_preset=&#8220;default&#8220; body_font=&#8220;|600||on|||||&#8220; body_text_color=&#8220;#000000&#8243; body_font_size=&#8220;20px&#8220; body_line_height=&#8220;1.3em&#8220; module_alignment=&#8220;center&#8220; custom_margin=&#8220;||15px||false|false&#8220; animation=&#8220;off&#8220; locked=&#8220;off&#8220; global_colors_info=&#8220;{}&#8220;]<\/p>\n<p>Die Vorteile<\/p>\n<p>[\/et_pb_blurb][et_pb_text _builder_version=&#8220;4.27.4&#8243; _module_preset=&#8220;default&#8220; header_font=&#8220;||||||||&#8220; header_text_color=&#8220;#FFFFFF&#8220; custom_margin=&#8220;||15px||false|false&#8220; locked=&#8220;off&#8220; global_colors_info=&#8220;{}&#8220;]<\/p>\n<h2 style=\"text-align: center;\">  Alle Vorteile der B\u00fcrstenwaschanlage BW3000<\/h2>\n<p>[\/et_pb_text][\/et_pb_column][\/et_pb_row][et_pb_row column_structure=&#8220;1_4,1_4,1_4,1_4&#8243; use_custom_gutter=&#8220;on&#8220; make_equal=&#8220;on&#8220; _builder_version=&#8220;4.27.4&#8243; _module_preset=&#8220;default&#8220; custom_padding=&#8220;||||false|false&#8220; locked=&#8220;off&#8220; global_colors_info=&#8220;{}&#8220;][et_pb_column type=&#8220;1_4&#8243; _builder_version=&#8220;4.27.2&#8243; _module_preset=&#8220;default&#8220; global_colors_info=&#8220;{}&#8220;][et_pb_blurb title=&#8220;Vollautomatischer Prozess&#8220; use_icon=&#8220;on&#8220; font_icon=&#8220;&#xf085;||fa||900&#8243; icon_color=&#8220;#74AF0D&#8220; image_icon_background_color=&#8220;RGBA(255,255,255,0)&#8220; image_icon_width=&#8220;50px&#8220; icon_alignment=&#8220;left&#8220; _builder_version=&#8220;4.27.4&#8243; _module_preset=&#8220;default&#8220; header_font=&#8220;|700|||||||&#8220; header_text_align=&#8220;left&#8220; header_text_color=&#8220;#000000&#8243; header_font_size=&#8220;19px&#8220; header_line_height=&#8220;1.1em&#8220; body_text_color=&#8220;#555555&#8243; image_icon_custom_margin=&#8220;||-5px||false|false&#8220; image_icon_custom_padding=&#8220;||||false|false&#8220; custom_margin=&#8220;||||false|false&#8220; animation=&#8220;off&#8220; locked=&#8220;off&#8220; global_colors_info=&#8220;{}&#8220;]<\/p>\n<p data-start=\"431\" data-end=\"514\">Eine Person bedient die gesamte Anlage mit konstanter Leistung und minimalem Aufwand.<\/p>\n<p>[\/et_pb_blurb][\/et_pb_column][et_pb_column type=&#8220;1_4&#8243; _builder_version=&#8220;4.27.2&#8243; _module_preset=&#8220;default&#8220; global_colors_info=&#8220;{}&#8220;][et_pb_blurb title=&#8220;Das intelligente Spr\u00fchsystem&#8220; use_icon=&#8220;on&#8220; font_icon=&#8220;&#xf4c1;||fa||900&#8243; icon_color=&#8220;#74AF0D&#8220; image_icon_background_color=&#8220;RGBA(255,255,255,0)&#8220; image_icon_width=&#8220;50px&#8220; icon_alignment=&#8220;left&#8220; _builder_version=&#8220;4.27.4&#8243; _module_preset=&#8220;default&#8220; header_font=&#8220;|700|||||||&#8220; header_text_align=&#8220;left&#8220; header_text_color=&#8220;#000000&#8243; header_font_size=&#8220;19px&#8220; header_line_height=&#8220;1.1em&#8220; body_text_color=&#8220;#555555&#8243; image_icon_custom_margin=&#8220;||-5px||false|false&#8220; image_icon_custom_padding=&#8220;||||false|false&#8220; custom_margin=&#8220;||||false|false&#8220; animation=&#8220;off&#8220; locked=&#8220;off&#8220; global_colors_info=&#8220;{}&#8220;]<\/p>\n<p data-start=\"548\" data-end=\"611\"><span>Das<\/span><sup>Undine\u00ae<\/sup> Spr\u00fchsystem spart bei jeder Anwendung Wasser und Energie.<\/p>\n<p>[\/et_pb_blurb][\/et_pb_column][et_pb_column type=&#8220;1_4&#8243; _builder_version=&#8220;4.27.2&#8243; _module_preset=&#8220;default&#8220; global_colors_info=&#8220;{}&#8220;][et_pb_blurb title=&#8220;Einfache Wartung&#8220; use_icon=&#8220;on&#8220; font_icon=&#8220;&#xe035;||divi||400&#8243; icon_color=&#8220;#74AF0D&#8220; image_icon_background_color=&#8220;RGBA(255,255,255,0)&#8220; image_icon_width=&#8220;50px&#8220; icon_alignment=&#8220;left&#8220; _builder_version=&#8220;4.27.4&#8243; _module_preset=&#8220;default&#8220; header_font=&#8220;|700|||||||&#8220; header_text_align=&#8220;left&#8220; header_text_color=&#8220;#000000&#8243; header_font_size=&#8220;19px&#8220; header_line_height=&#8220;1.1em&#8220; body_text_color=&#8220;#555555&#8243; image_icon_custom_margin=&#8220;||-5px||false|false&#8220; image_icon_custom_padding=&#8220;||||false|false&#8220; custom_margin=&#8220;||||false|false&#8220; animation=&#8220;off&#8220; locked=&#8220;off&#8220; global_colors_info=&#8220;{}&#8220;]<\/p>\n<p data-start=\"646\" data-end=\"719\">Zug\u00e4ngliche Teile machen die Reinigung und Wartung schnell und einfach.<\/p>\n<p>[\/et_pb_blurb][\/et_pb_column][et_pb_column type=&#8220;1_4&#8243; _builder_version=&#8220;4.27.2&#8243; _module_preset=&#8220;default&#8220; global_colors_info=&#8220;{}&#8220;][et_pb_blurb title=&#8220;Modular erweiterbar&#8220; use_icon=&#8220;on&#8220; font_icon=&#8220;&#xf0b2;||fa||900&#8243; icon_color=&#8220;#74AF0D&#8220; image_icon_background_color=&#8220;RGBA(255,255,255,0)&#8220; image_icon_width=&#8220;50px&#8220; icon_alignment=&#8220;left&#8220; _builder_version=&#8220;4.27.4&#8243; _module_preset=&#8220;default&#8220; header_font=&#8220;|700|||||||&#8220; header_text_align=&#8220;left&#8220; header_text_color=&#8220;#000000&#8243; header_font_size=&#8220;19px&#8220; header_line_height=&#8220;1.1em&#8220; body_text_color=&#8220;#555555&#8243; image_icon_custom_margin=&#8220;||-5px||false|false&#8220; image_icon_custom_padding=&#8220;||||false|false&#8220; custom_margin=&#8220;||||false|false&#8220; animation=&#8220;off&#8220; locked=&#8220;off&#8220; global_colors_info=&#8220;{}&#8220;]<\/p>\n<p data-start=\"756\" data-end=\"825\">Kombinieren Sie mit Vorwaschb\u00e4dern oder Puffertischen f\u00fcr eine komplette Linie.<\/p>\n<p>[\/et_pb_blurb][\/et_pb_column][\/et_pb_row][\/et_pb_section]<\/p>\n","protected":false},"excerpt":{"rendered":"<p>AngeboteAngebot anfordernAngeboteFordern Sie ein Angebot f\u00fcr Ihre BW3000 B\u00fcrstenwaschanlage an.Hinterlassen Sie hier Ihre Daten und geben Sie im Formular an, welche Erweiterungen Sie w\u00fcnschen, um ein unverbindliches Angebot zu erhalten. Nach Ihrer Anfrage werden wir Sie so schnell wie m\u00f6glich kontaktieren! Wenn Sie keine Best\u00e4tigung erhalten haben, \u00fcberpr\u00fcfen Sie bitte auch Ihren Spam-Ordner.Die Vorteile Alle [&hellip;]<\/p>\n","protected":false},"author":1,"featured_media":0,"parent":0,"menu_order":0,"comment_status":"closed","ping_status":"closed","template":"","meta":{"_et_pb_use_builder":"on","_et_pb_old_content":"","_et_gb_content_width":"","content-type":"","inline_featured_image":false,"footnotes":""},"class_list":["post-251224","page","type-page","status-publish","hentry"],"_links":{"self":[{"href":"https:\/\/mcrmachinery.com\/de\/wp-json\/wp\/v2\/pages\/251224","targetHints":{"allow":["GET"]}}],"collection":[{"href":"https:\/\/mcrmachinery.com\/de\/wp-json\/wp\/v2\/pages"}],"about":[{"href":"https:\/\/mcrmachinery.com\/de\/wp-json\/wp\/v2\/types\/page"}],"author":[{"embeddable":true,"href":"https:\/\/mcrmachinery.com\/de\/wp-json\/wp\/v2\/users\/1"}],"replies":[{"embeddable":true,"href":"https:\/\/mcrmachinery.com\/de\/wp-json\/wp\/v2\/comments?post=251224"}],"version-history":[{"count":7,"href":"https:\/\/mcrmachinery.com\/de\/wp-json\/wp\/v2\/pages\/251224\/revisions"}],"predecessor-version":[{"id":251240,"href":"https:\/\/mcrmachinery.com\/de\/wp-json\/wp\/v2\/pages\/251224\/revisions\/251240"}],"wp:attachment":[{"href":"https:\/\/mcrmachinery.com\/de\/wp-json\/wp\/v2\/media?parent=251224"}],"curies":[{"name":"wp","href":"https:\/\/api.w.org\/{rel}","templated":true}]}}